{"id":34,"date":"2016-11-25T13:47:05","date_gmt":"2016-11-25T10:47:05","guid":{"rendered":"http:\/\/www.johnraphael.gr\/tr\/?page_id=34"},"modified":"2016-12-01T20:37:43","modified_gmt":"2016-12-01T17:37:43","slug":"online-reservation","status":"publish","type":"page","link":"https:\/\/www.johnraphael.gr\/tr\/online-reservation\/","title":{"rendered":"Online Rezervasyon"},"content":{"rendered":"<div class=\"wpb-content-wrapper\"><p>[vc_row][vc_column width=&#8221;2\/3&#8243;][vc_btn title=&#8221;<b>Rezervasyon ve Teklif Talep Formu<\/b>&#8221; size=&#8221;lg&#8221; align=&#8221;center&#8221; button_block=&#8221;true&#8221;]\n<div class=\"wpcf7 no-js\" id=\"wpcf7-f210-o1\" lang=\"el\" dir=\"ltr\" data-wpcf7-id=\"210\">\n<div class=\"screen-reader-response\"><p role=\"status\" aria-live=\"polite\" aria-atomic=\"true\"><\/p> <ul><\/ul><\/div>\n<form action=\"\/tr\/wp-json\/wp\/v2\/pages\/34#wpcf7-f210-o1\" method=\"post\" class=\"wpcf7-form init\" aria-label=\"\u03a6\u03cc\u03c1\u03bc\u03b1 \u03b5\u03c0\u03b9\u03ba\u03bf\u03b9\u03bd\u03c9\u03bd\u03af\u03b1\u03c2\" novalidate=\"novalidate\" data-status=\"init\">\n<fieldset class=\"hidden-fields-container\"><input type=\"hidden\" name=\"_wpcf7\" value=\"210\" \/><input type=\"hidden\" name=\"_wpcf7_version\" value=\"6.1.5\" \/><input type=\"hidden\" name=\"_wpcf7_locale\" value=\"el\" \/><input type=\"hidden\" name=\"_wpcf7_unit_tag\" value=\"wpcf7-f210-o1\" \/><input type=\"hidden\" name=\"_wpcf7_container_post\" value=\"0\" \/><input type=\"hidden\" name=\"_wpcf7_posted_data_hash\" value=\"\" \/>\n<\/fieldset>\n<div  class=\"column dt-sc-one-half first\">\n\t<p><span class=\"wpcf7-form-control-wrap\" data-name=\"name\"><input size=\"40\" maxlength=\"400\" class=\"wpcf7-form-control wpcf7-text wpcf7-validates-as-required\" aria-required=\"true\" aria-invalid=\"false\" placeholder=\"Ad &amp; Soyad. (gerekli)\" value=\"\" type=\"text\" name=\"name\" \/><\/span>\n\t<\/p>\n<\/div>\n<div class=\"column dt-sc-one-half\">\n\t<p><span class=\"wpcf7-form-control-wrap\" data-name=\"email\"><input size=\"40\" maxlength=\"400\" class=\"wpcf7-form-control wpcf7-email wpcf7-validates-as-required wpcf7-text wpcf7-validates-as-email\" aria-required=\"true\" aria-invalid=\"false\" placeholder=\"E-mail (gerekli)\" value=\"\" type=\"email\" name=\"email\" \/><\/span>\n\t<\/p>\n<\/div>\n<div  class=\"column dt-sc-one-half first\">\n\t<p><span class=\"wpcf7-form-control-wrap\" data-name=\"phone\"><input size=\"40\" maxlength=\"400\" class=\"wpcf7-form-control wpcf7-text\" aria-invalid=\"false\" placeholder=\"\u00dclke Kodu + GSM Telefon\" value=\"\" type=\"text\" name=\"phone\" \/><\/span>\n\t<\/p>\n<\/div>\n<div class=\"column dt-sc-one-half\">\n\t<p><span class=\"wpcf7-form-control-wrap\" data-name=\"country\"><input size=\"40\" maxlength=\"400\" class=\"wpcf7-form-control wpcf7-text\" aria-invalid=\"false\" placeholder=\"\u00dclke\" value=\"\" type=\"text\" name=\"country\" \/><\/span>\n\t<\/p>\n<\/div>\n<div  class=\"column dt-sc-one-half first\">\n\t<div  class=\"column dt-sc-one-half first\">\n\t\t<p><span class=\"wpcf7-form-control-wrap\" data-name=\"adults\"><input class=\"wpcf7-form-control wpcf7-number wpcf7-validates-as-required wpcf7-validates-as-number\" min=\"1\" max=\"6\" aria-required=\"true\" aria-invalid=\"false\" placeholder=\"Yeti\u015fkinler (gerekli)\" value=\"\" type=\"number\" name=\"adults\" \/><\/span>\n\t\t<\/p>\n\t<\/div>\n\t<div class=\"column dt-sc-one-half\">\n\t\t<p><span class=\"wpcf7-form-control-wrap\" data-name=\"children\"><input class=\"wpcf7-form-control wpcf7-number wpcf7-validates-as-required wpcf7-validates-as-number\" min=\"0\" max=\"3\" aria-required=\"true\" aria-invalid=\"false\" placeholder=\"\u00c7ocuklar (gerekli)\" value=\"\" type=\"number\" name=\"children\" \/><\/span>\n\t\t<\/p>\n\t<\/div>\n<\/div>\n<div class=\"column dt-sc-one-half\">\n\t<div  class=\"column dt-sc-one-half first\">\n\t\t<p><span class=\"wpcf7-form-control-wrap\" data-name=\"arrival\"><input class=\"wpcf7-form-control wpcf7-date wpcf7-validates-as-required wpcf7-validates-as-date\" aria-required=\"true\" aria-invalid=\"false\" placeholder=\"Var\u0131\u015f G\u00fcn\u00fc (gerekli)\" value=\"\" type=\"date\" name=\"arrival\" \/><\/span>\n\t\t<\/p>\n\t<\/div>\n\t<div class=\"column dt-sc-one-half\">\n\t\t<p><span class=\"wpcf7-form-control-wrap\" data-name=\"departure\"><input class=\"wpcf7-form-control wpcf7-date wpcf7-validates-as-required wpcf7-validates-as-date\" aria-required=\"true\" aria-invalid=\"false\" placeholder=\"Ayr\u0131l\u0131\u015f G\u00fcn\u00fc (gerekli)\" value=\"\" type=\"date\" name=\"departure\" \/><\/span>\n\t\t<\/p>\n\t<\/div>\n<\/div>\n<p><input class=\"wpcf7-form-control wpcf7-submit has-spinner\" type=\"submit\" value=\"Form g\u00f6nder\" \/>\n<\/p><div class=\"wpcf7-response-output\" aria-hidden=\"true\"><\/div>\n<\/form>\n<\/div>\n[\/vc_column][vc_column width=&#8221;1\/3&#8243;][vc_column_text]<img loading=\"lazy\" decoding=\"async\" class=\"aligncenter wp-image-217 size-full\" src=\"http:\/\/www.johnraphael.gr\/tr\/wp-content\/uploads\/2016\/11\/free-wine3.jpg\" alt=\"free-wine3\" width=\"373\" height=\"138\" srcset=\"https:\/\/www.johnraphael.gr\/tr\/wp-content\/uploads\/2016\/11\/free-wine3.jpg 373w, https:\/\/www.johnraphael.gr\/tr\/wp-content\/uploads\/2016\/11\/free-wine3-300x111.jpg 300w\" sizes=\"auto, (max-width: 373px) 100vw, 373px\" \/>[\/vc_column_text][\/vc_column][\/vc_row]<\/p>\n<\/div>","protected":false},"excerpt":{"rendered":"<p>[vc_row][vc_column width=&#8221;2\/3&#8243;][vc_btn title=&#8221;Rezervasyon ve Teklif Talep Formu&#8221; size=&#8221;lg&#8221; align=&#8221;center&#8221; button_block=&#8221;true&#8221;][\/vc_column][vc_column width=&#8221;1\/3&#8243;][vc_column_text][\/vc_column_text][\/vc_column][\/vc_row]<\/p>\n","protected":false},"author":1,"featured_media":0,"parent":0,"menu_order":0,"comment_status":"closed","ping_status":"closed","template":"tpl-home.php","meta":{"footnotes":""},"class_list":["post-34","page","type-page","status-publish","hentry"],"_links":{"self":[{"href":"https:\/\/www.johnraphael.gr\/tr\/wp-json\/wp\/v2\/pages\/34","targetHints":{"allow":["GET"]}}],"collection":[{"href":"https:\/\/www.johnraphael.gr\/tr\/wp-json\/wp\/v2\/pages"}],"about":[{"href":"https:\/\/www.johnraphael.gr\/tr\/wp-json\/wp\/v2\/types\/page"}],"author":[{"embeddable":true,"href":"https:\/\/www.johnraphael.gr\/tr\/wp-json\/wp\/v2\/users\/1"}],"replies":[{"embeddable":true,"href":"https:\/\/www.johnraphael.gr\/tr\/wp-json\/wp\/v2\/comments?post=34"}],"version-history":[{"count":16,"href":"https:\/\/www.johnraphael.gr\/tr\/wp-json\/wp\/v2\/pages\/34\/revisions"}],"predecessor-version":[{"id":232,"href":"https:\/\/www.johnraphael.gr\/tr\/wp-json\/wp\/v2\/pages\/34\/revisions\/232"}],"wp:attachment":[{"href":"https:\/\/www.johnraphael.gr\/tr\/wp-json\/wp\/v2\/media?parent=34"}],"curies":[{"name":"wp","href":"https:\/\/api.w.org\/{rel}","templated":true}]}}