{"id":32,"date":"2016-11-25T13:46:15","date_gmt":"2016-11-25T10:46:15","guid":{"rendered":"http:\/\/www.johnraphael.gr\/tr\/?page_id=32"},"modified":"2016-12-01T20:35:51","modified_gmt":"2016-12-01T17:35:51","slug":"mytilene","status":"publish","type":"page","link":"https:\/\/www.johnraphael.gr\/tr\/mytilene\/","title":{"rendered":"Midilli"},"content":{"rendered":"<div class=\"wpb-content-wrapper\"><p>[vc_row][vc_column][vc_empty_space][\/vc_column][\/vc_row][vc_row][vc_column width=&#8221;1\/2&#8243;][vc_column_text]<\/p>\n<p style=\"text-align: justify;\">Midilli, Midilli (Lesbos) Adas\u0131\u2019n\u0131n ba\u015fkentidir. Midilli Yunanistan\u2019\u0131n en eski \u015fehirlerinden biridir, belki de d\u00fcnya \u00fczerinde binlerce y\u0131ld\u0131r insanlar\u0131n ya\u015fad\u0131\u011f\u0131 en eski \u015fehirlerden biridir.Kurulu\u015funun, Homeros\u2019un eseri \u201cHomeros\u2019un Hayat\u0131\u201d adl\u0131 eserinde de belirtildi\u011fi gibi Truva\u2019n\u0131n d\u00fc\u015f\u00fc\u015f\u00fcnden 130 y\u0131l sonra kalenin bulundu\u011fu yerde oldu\u011fu s\u00f6ylenir. Truva \u0130.\u00d6. 1183\u2019te d\u00fc\u015ft\u00fc\u011f\u00fcne g\u00f6re \u015fehir 1053\u2019te kurulmu\u015ftur. En parlak d\u00f6nemini filozof Pittakos, \u015fair Alkeos ve Sapho d\u00f6neminde milattan \u00f6nce 7. ve 6. yy.\u2019da oldu\u011funu g\u00f6r\u00fcyoruz.<\/p>\n<p style=\"text-align: justify;\">Ad\u0131n\u0131 Midilli Adas\u0131\u2019na ilk g\u00f6\u00e7 edenlerden Marakos\u2019un k\u0131z\u0131ndan alm\u0131\u015ft\u0131r.<\/p>\n<p style=\"text-align: justify;\">Midilli Belediyesi Loutra, Taksiarhes, Moria, Alifanda, Afalona, Pamfila ve Agia Marina\u2019y\u0131 kapsar. Bu g\u00fczel g\u00f6r\u00fcn\u00fcml\u00fc k\u00f6yler, zeytinliklerle kapl\u0131 ve e\u015fsiz bir deniz manzaras\u0131na sahiptir. Pire\u2019den 188 mil uzaktad\u0131r ve n\u00fcfusu 25.000\u2019dir.<\/p>\n<p style=\"text-align: justify;\">Ege Bakanl\u0131\u011f\u0131, Kuzey Ege B\u00f6lge Valili\u011fi ve Ege \u00dcniversitesi\u2019nin rekt\u00f6rl\u00fc\u011f\u00fc Midilli\u2019dedir.<\/p>\n<p style=\"text-align: justify;\">Midilli, g\u00fcn\u00fcm\u00fcze kadar gelen neoklasik binalar\u0131, s\u0131cak su kapl\u0131calar\u0131, tarihi yap\u0131lar\u0131 ile Menandros\u2019un evlerinin yeni Arkeoloji M\u00fczesi\u2019nde sergilenen d\u00fcnyaca \u00fcnl\u00fc benzersiz mozaiklerini 21. yy\u2019a ta\u015f\u0131may\u0131 ba\u015farabilmi\u015f \u00e7a\u011fda\u015f bir \u015fehirdir. Midilli, tarihi bir \u015fehirle modern \u015fehrin ihtiya\u00e7lar\u0131n\u0131 birle\u015ftirme \u00e7abas\u0131 ve hevesindedir.<\/p>\n<p style=\"text-align: justify;\">\u015eehir \u00fc\u00e7 par\u00e7adan olu\u015fmaktad\u0131r. Ana par\u00e7as\u0131 Kioski\u2019de olmak \u00fczere, merkezi eski semtler ve do\u011fu semtleri ile yedi tepe \u00fczerine yay\u0131lm\u0131\u015f bulunmaktad\u0131r. Midillili eski aristokratlar\u0131n semti olan Kioski\u2019de yeni Arkeoloji M\u00fczesi bulunmaktad\u0131r. Venedik Kalesi\u2019ne pek uzak de\u011fildir. Antik \u00e7a\u011flarda Evripos nehri ile ayr\u0131lan bu b\u00f6lge uzunlamas\u0131na bir\u00e7ok k\u00f6pr\u00fcye sahipti.<\/p>\n<p style=\"text-align: justify;\">Bu nehir kuzey ve g\u00fcney liman\u0131n\u0131 birle\u015ftiriyordu ancak zamanla yay\u0131ld\u0131 ve \u015fehrin iki b\u00f6l\u00fcm\u00fc birle\u015fti. Kioski\u2019de hala Midilli Adas\u0131\u2019n\u0131n geleneksel mimari karakteristi\u011fini g\u00f6steren otantik konaklar bulunmaktad\u0131r. Kioski\u2019yi b\u00f6len anayol sizi kuzey liman\u0131na g\u00f6t\u00fcr\u00fcr ki burada parampar\u00e7a olmu\u015f dalgak\u0131ran ve ge\u00e7mi\u015f d\u00f6nemin di\u011fer harabeleri dikkati \u00e7eker.<\/p>\n<p style=\"text-align: justify;\">Liman\u0131n yak\u0131n\u0131nda eski harabeler bulunmu\u015ftur. Yukar\u0131da vurgulanan nehir a\u011fz\u0131 eski d\u00f6nemlerde Midilli\u2019yi ikiye b\u00f6l\u00fcyordu ve kalenin bulundu\u011fu k\u0131sm\u0131 k\u00fc\u00e7\u00fck bir adac\u0131k haline getirmi\u015fti.<\/p>\n<p style=\"text-align: justify;\">Midilli\u2019nin bu b\u00f6lgesini kuzeyinde farkl\u0131 noktalarda antik ve roma yap\u0131lar\u0131 g\u00fcn \u0131\u015f\u0131\u011f\u0131na \u00e7\u0131kar\u0131lm\u0131\u015ft\u0131r. G\u00fcmr\u00fck\u2019ten (Teloneio) ba\u015flayarak konaklar\u0131 gezebilir, devam\u0131nda eski Arkeoloji M\u00fczesine u\u011frayabilirsiniz. Sahil yolunda sizi Yunan Turizm Organizasyonu\u2019nun \u201ct\u2019apeili\u201d olarak adland\u0131r\u0131lan tertemiz plaj\u0131 beklemektedir. Biraz yukar\u0131da \u00e7aml\u0131k bir tepede Amerikan sanat\u00e7\u0131 Erietta Fors\u2019un yapt\u0131\u011f\u0131 ve Midilli belediyesine hediye etti\u011fi \u015fair Sapho\u2019nun ilgi \u00e7ekici bir b\u00fcst\u00fc bulunmaktad\u0131r.<\/p>\n<p>[\/vc_column_text][\/vc_column][vc_column width=&#8221;1\/2&#8243;][vc_media_grid element_width=&#8221;3&#8243; gap=&#8221;10&#8243; grid_id=&#8221;vc_gid:1480613452202-8976cfe8-9c51-4&#8243; include=&#8221;43,44,45,46,47,48,49,50,51,54,55,56,57,58,60,61,62,63,64,65,66,67,68,69,70,71,72,73,74,75,77,78&#8243;][\/vc_column][\/vc_row]<\/p>\n<\/div>","protected":false},"excerpt":{"rendered":"<p>[vc_row][vc_column][vc_empty_space][\/vc_column][\/vc_row][vc_row][vc_column width=&#8221;1\/2&#8243;][vc_column_text] Midilli, Midilli (Lesbos) Adas\u0131\u2019n\u0131n ba\u015fkentidir. Midilli Yunanistan\u2019\u0131n en eski \u015fehirlerinden biridir, belki de d\u00fcnya \u00fczerinde binlerce y\u0131ld\u0131r insanlar\u0131n ya\u015fad\u0131\u011f\u0131 en eski \u015fehirlerden biridir.Kurulu\u015funun, Homeros\u2019un eseri \u201cHomeros\u2019un Hayat\u0131\u201d adl\u0131 eserinde de belirtildi\u011fi gibi Truva\u2019n\u0131n d\u00fc\u015f\u00fc\u015f\u00fcnden 130 y\u0131l sonra kalenin bulundu\u011fu yerde oldu\u011fu s\u00f6ylenir. Truva \u0130.\u00d6. 1183\u2019te d\u00fc\u015ft\u00fc\u011f\u00fcne g\u00f6re \u015fehir 1053\u2019te kurulmu\u015ftur. En parlak d\u00f6nemini [&hellip;]<\/p>\n","protected":false},"author":1,"featured_media":0,"parent":0,"menu_order":0,"comment_status":"closed","ping_status":"closed","template":"tpl-home.php","meta":{"footnotes":""},"class_list":["post-32","page","type-page","status-publish","hentry"],"_links":{"self":[{"href":"https:\/\/www.johnraphael.gr\/tr\/wp-json\/wp\/v2\/pages\/32","targetHints":{"allow":["GET"]}}],"collection":[{"href":"https:\/\/www.johnraphael.gr\/tr\/wp-json\/wp\/v2\/pages"}],"about":[{"href":"https:\/\/www.johnraphael.gr\/tr\/wp-json\/wp\/v2\/types\/page"}],"author":[{"embeddable":true,"href":"https:\/\/www.johnraphael.gr\/tr\/wp-json\/wp\/v2\/users\/1"}],"replies":[{"embeddable":true,"href":"https:\/\/www.johnraphael.gr\/tr\/wp-json\/wp\/v2\/comments?post=32"}],"version-history":[{"count":7,"href":"https:\/\/www.johnraphael.gr\/tr\/wp-json\/wp\/v2\/pages\/32\/revisions"}],"predecessor-version":[{"id":231,"href":"https:\/\/www.johnraphael.gr\/tr\/wp-json\/wp\/v2\/pages\/32\/revisions\/231"}],"wp:attachment":[{"href":"https:\/\/www.johnraphael.gr\/tr\/wp-json\/wp\/v2\/media?parent=32"}],"curies":[{"name":"wp","href":"https:\/\/api.w.org\/{rel}","templated":true}]}}