{"id":29,"date":"2016-11-25T13:41:19","date_gmt":"2016-11-25T10:41:19","guid":{"rendered":"http:\/\/www.johnraphael.gr\/tr\/?page_id=29"},"modified":"2016-12-01T20:34:04","modified_gmt":"2016-12-01T17:34:04","slug":"apartments","status":"publish","type":"page","link":"https:\/\/www.johnraphael.gr\/tr\/apartments\/","title":{"rendered":"Daireler"},"content":{"rendered":"<div class=\"wpb-content-wrapper\"><p>[vc_row][vc_column][vc_empty_space][\/vc_column][\/vc_row][vc_row][vc_column width=&#8221;1\/2&#8243;][vc_column_text]<\/p>\n<p style=\"text-align: justify;\">Midilli&#8217;de bulunan John &amp; Raphael L\u00fcks Daireler, evin t\u00fcm modern konforlar\u0131ndan ve birinci s\u0131n\u0131f hizmetlerin t\u00fcm abart\u0131lar\u0131ndan zevk alan ziyaret\u00e7iler i\u00e7in m\u00fckemmel bir konaklama \u00e7\u00f6z\u00fcm\u00fc sunuyor.<\/p>\n<p style=\"text-align: justify;\">Bir ya da iki yatak odal\u0131 ba\u011f\u0131ms\u0131z apartmanlar\u0131n kalite geli\u015ftirme. Her biri ayr\u0131 ayr\u0131 dekore edilmi\u015f, bir salon, yemek alan\u0131, tam donan\u0131ml\u0131 bir mutfak, bir otelin konforunu evin alan\u0131, \u00f6zg\u00fcrl\u00fc\u011f\u00fc ve esnekli\u011fi ile sunuyor.<\/p>\n<p style=\"text-align: justify;\">John &amp; Raphael L\u00fcks Daireler, \u015fehir merkezinden ve Midilli liman\u0131ndan sadece birka\u00e7 dakika uzakl\u0131kta, restoranlar, barlar, \u00e7e\u015fitli ma\u011faza ve e\u011flence mekanlar\u0131n\u0131n \u00fcst kat\u0131n\u0131 bir araya getiren eklektik kar\u0131\u015f\u0131m\u0131 ile \u00e7a\u011fda\u015f kentin en iyi \u015fekilde ya\u015famak i\u00e7in en iyi \u00f6rnek.<\/p>\n<p>&nbsp;<\/p>\n<p><span style=\"text-decoration: underline;\"><strong>Daireler Tesisleri<\/strong><\/span><\/p>\n<table border=\"0\" width=\"100%\" cellspacing=\"0\" cellpadding=\"0\">\n<tbody>\n<tr>\n<td align=\"center\" width=\"40\"><img loading=\"lazy\" decoding=\"async\" src=\"http:\/\/www.johnraphael.gr\/tr\/wp-content\/uploads\/2016\/11\/i-ac.png\" width=\"30\" height=\"30\" border=\"0\" \/><\/td>\n<td valign=\"top\">Klima<\/td>\n<td align=\"center\" width=\"40\"><img loading=\"lazy\" decoding=\"async\" src=\"http:\/\/www.johnraphael.gr\/tr\/wp-content\/uploads\/2016\/11\/i-plasma-tv.png\" width=\"30\" height=\"30\" border=\"0\" \/><\/td>\n<td valign=\"top\">\u00a0TV<\/td>\n<\/tr>\n<tr>\n<td align=\"center\" width=\"35\"><img loading=\"lazy\" decoding=\"async\" src=\"http:\/\/www.johnraphael.gr\/tr\/wp-content\/uploads\/2016\/11\/i-kitchen.png\" width=\"30\" height=\"30\" border=\"0\" \/><\/td>\n<td valign=\"top\">Donan\u0131ml\u0131 Mutfak<\/td>\n<td align=\"center\" width=\"35\"><img loading=\"lazy\" decoding=\"async\" src=\"http:\/\/www.johnraphael.gr\/tr\/wp-content\/uploads\/2016\/11\/i-dining-table.png\" width=\"30\" height=\"30\" border=\"0\" \/><\/td>\n<td valign=\"top\">Yemek Masas\u0131<\/td>\n<\/tr>\n<tr>\n<td align=\"center\" width=\"35\"><img loading=\"lazy\" decoding=\"async\" src=\"http:\/\/www.johnraphael.gr\/tr\/wp-content\/uploads\/2016\/11\/i-refrigerator.png\" width=\"30\" height=\"30\" border=\"0\" \/><\/td>\n<td valign=\"top\">Buzdolab\u0131<\/td>\n<td align=\"center\" width=\"35\"><img loading=\"lazy\" decoding=\"async\" src=\"http:\/\/www.johnraphael.gr\/tr\/wp-content\/uploads\/2016\/11\/i-mini-bar.png\" width=\"30\" height=\"30\" border=\"0\" \/><\/td>\n<td valign=\"top\">Mini Bar<\/td>\n<\/tr>\n<tr>\n<td align=\"center\" width=\"35\"><img loading=\"lazy\" decoding=\"async\" src=\"http:\/\/www.johnraphael.gr\/tr\/wp-content\/uploads\/2016\/11\/i-oven.png\" width=\"30\" height=\"30\" border=\"0\" \/><\/td>\n<td valign=\"top\">F\u0131r\u0131n &amp; Cerrahi Ocak<\/td>\n<td align=\"center\" width=\"35\"><img loading=\"lazy\" decoding=\"async\" src=\"http:\/\/www.johnraphael.gr\/tr\/wp-content\/uploads\/2016\/11\/i-microwave-oven.png\" width=\"30\" height=\"30\" border=\"0\" \/><\/td>\n<td valign=\"top\">Mikrodalga F\u0131r\u0131n<\/td>\n<\/tr>\n<tr>\n<td align=\"center\" width=\"35\"><img loading=\"lazy\" decoding=\"async\" src=\"http:\/\/www.johnraphael.gr\/tr\/wp-content\/uploads\/2016\/11\/i-cooking-utensils.png\" width=\"30\" height=\"30\" border=\"0\" \/><\/td>\n<td valign=\"top\">Yemek Pi\u015firme Ocaklar\u0131<\/td>\n<td align=\"center\" width=\"35\"><img loading=\"lazy\" decoding=\"async\" src=\"http:\/\/www.johnraphael.gr\/tr\/wp-content\/uploads\/2016\/11\/i-dining-utensils.png\" width=\"30\" height=\"30\" border=\"0\" \/><\/td>\n<td valign=\"top\">Yemek Tak\u0131mlar\u0131<\/td>\n<\/tr>\n<tr>\n<td align=\"center\" width=\"35\"><img loading=\"lazy\" decoding=\"async\" src=\"http:\/\/www.johnraphael.gr\/tr\/wp-content\/uploads\/2016\/11\/i-toaster.png\" width=\"30\" height=\"30\" border=\"0\" \/><\/td>\n<td valign=\"top\">Ekmek k\u0131zartma makinesi<\/td>\n<td align=\"center\" width=\"35\"><img loading=\"lazy\" decoding=\"async\" src=\"http:\/\/www.johnraphael.gr\/tr\/wp-content\/uploads\/2016\/11\/i-water-boiler.png\" width=\"30\" height=\"30\" border=\"0\" \/><\/td>\n<td valign=\"top\">Su Kazan\u0131<\/td>\n<\/tr>\n<tr>\n<td align=\"center\" width=\"35\"><img loading=\"lazy\" decoding=\"async\" src=\"http:\/\/www.johnraphael.gr\/tr\/wp-content\/uploads\/2016\/11\/i-balcony.png\" width=\"30\" height=\"30\" border=\"0\" \/><\/td>\n<td valign=\"top\">Balkon<\/td>\n<td align=\"center\" width=\"35\"><img loading=\"lazy\" decoding=\"async\" src=\"http:\/\/www.johnraphael.gr\/tr\/wp-content\/uploads\/2016\/11\/i-clothes-dryer.png\" width=\"30\" height=\"30\" border=\"0\" \/><\/td>\n<td valign=\"top\">K\u0131yafet kurutucusu<\/td>\n<\/tr>\n<\/tbody>\n<\/table>\n<p><span style=\"text-decoration: underline;\"><strong>Genel Olanaklar<\/strong><\/span><\/p>\n<table border=\"0\" width=\"100%\" cellspacing=\"0\" cellpadding=\"0\">\n<tbody>\n<tr>\n<td align=\"center\" width=\"40\"><img loading=\"lazy\" decoding=\"async\" src=\"http:\/\/www.johnraphael.gr\/tr\/wp-content\/uploads\/2016\/11\/i-wifi.png\" width=\"30\" height=\"30\" border=\"0\" \/><\/td>\n<td>\u00dcCRETS\u0130Z WiFi Internet<\/td>\n<td align=\"center\" width=\"40\"><img loading=\"lazy\" decoding=\"async\" src=\"http:\/\/www.johnraphael.gr\/tr\/wp-content\/uploads\/2016\/11\/i-hairdryer.png\" width=\"30\" height=\"30\" border=\"0\" \/><\/td>\n<td>Sa\u00e7 Kurutma Makinasi<\/td>\n<\/tr>\n<tr>\n<td align=\"center\" width=\"35\"><img loading=\"lazy\" decoding=\"async\" src=\"http:\/\/www.johnraphael.gr\/tr\/wp-content\/uploads\/2016\/11\/i-washing-machine.png\" width=\"30\" height=\"30\" border=\"0\" \/><\/td>\n<td>\u00c7ama\u015f\u0131r Makinesi<\/td>\n<td align=\"center\" width=\"35\"><img loading=\"lazy\" decoding=\"async\" src=\"http:\/\/www.johnraphael.gr\/tr\/wp-content\/uploads\/2016\/11\/i-ironing.png\" width=\"30\" height=\"30\" border=\"0\" \/><\/td>\n<td>\u00dct\u00fc Seti<\/td>\n<\/tr>\n<tr>\n<td align=\"center\" width=\"35\"><img loading=\"lazy\" decoding=\"async\" src=\"http:\/\/www.johnraphael.gr\/tr\/wp-content\/uploads\/2016\/11\/i-elevator.png\" width=\"30\" height=\"30\" border=\"0\" \/><\/td>\n<td>Asans\u00f6r<\/td>\n<td align=\"center\" width=\"35\"><img loading=\"lazy\" decoding=\"async\" src=\"http:\/\/www.johnraphael.gr\/tr\/wp-content\/uploads\/2016\/11\/i-disable-apartment.png\" width=\"30\" height=\"30\" border=\"0\" \/><\/td>\n<td>Engelliler Konutut<\/td>\n<\/tr>\n<\/tbody>\n<\/table>\n<p>[\/vc_column_text][\/vc_column][vc_column width=&#8221;1\/2&#8243;][vc_media_grid element_width=&#8221;3&#8243; gap=&#8221;10&#8243; grid_id=&#8221;vc_gid:1480612520317-b4b5bfad-cdfb-8&#8243; include=&#8221;81,82,84,85,86,87,88,89,90,91,92,93,94,95,97,98,99,100,101,102,103,104,105,106,107,108,109,110,111,112,113,114,115,116,117,118,119,120,121,122,123,124,125,126,127,128,129,131&#8243;][\/vc_column][\/vc_row]<\/p>\n<\/div>","protected":false},"excerpt":{"rendered":"<p>[vc_row][vc_column][vc_empty_space][\/vc_column][\/vc_row][vc_row][vc_column width=&#8221;1\/2&#8243;][vc_column_text] Midilli&#8217;de bulunan John &amp; Raphael L\u00fcks Daireler, evin t\u00fcm modern konforlar\u0131ndan ve birinci s\u0131n\u0131f hizmetlerin t\u00fcm abart\u0131lar\u0131ndan zevk alan ziyaret\u00e7iler i\u00e7in m\u00fckemmel bir konaklama \u00e7\u00f6z\u00fcm\u00fc sunuyor. Bir ya da iki yatak odal\u0131 ba\u011f\u0131ms\u0131z apartmanlar\u0131n kalite geli\u015ftirme. Her biri ayr\u0131 ayr\u0131 dekore edilmi\u015f, bir salon, yemek alan\u0131, tam donan\u0131ml\u0131 bir mutfak, bir otelin konforunu [&hellip;]<\/p>\n","protected":false},"author":1,"featured_media":0,"parent":0,"menu_order":0,"comment_status":"closed","ping_status":"closed","template":"tpl-home.php","meta":{"footnotes":""},"class_list":["post-29","page","type-page","status-publish","hentry"],"_links":{"self":[{"href":"https:\/\/www.johnraphael.gr\/tr\/wp-json\/wp\/v2\/pages\/29","targetHints":{"allow":["GET"]}}],"collection":[{"href":"https:\/\/www.johnraphael.gr\/tr\/wp-json\/wp\/v2\/pages"}],"about":[{"href":"https:\/\/www.johnraphael.gr\/tr\/wp-json\/wp\/v2\/types\/page"}],"author":[{"embeddable":true,"href":"https:\/\/www.johnraphael.gr\/tr\/wp-json\/wp\/v2\/users\/1"}],"replies":[{"embeddable":true,"href":"https:\/\/www.johnraphael.gr\/tr\/wp-json\/wp\/v2\/comments?post=29"}],"version-history":[{"count":16,"href":"https:\/\/www.johnraphael.gr\/tr\/wp-json\/wp\/v2\/pages\/29\/revisions"}],"predecessor-version":[{"id":230,"href":"https:\/\/www.johnraphael.gr\/tr\/wp-json\/wp\/v2\/pages\/29\/revisions\/230"}],"wp:attachment":[{"href":"https:\/\/www.johnraphael.gr\/tr\/wp-json\/wp\/v2\/media?parent=29"}],"curies":[{"name":"wp","href":"https:\/\/api.w.org\/{rel}","templated":true}]}}